{"id":46,"date":"2025-01-02T13:40:25","date_gmt":"2025-01-02T12:40:25","guid":{"rendered":"http:\/\/nasos\/wordpress\/?page_id=46"},"modified":"2025-01-05T14:59:17","modified_gmt":"2025-01-05T14:59:17","slug":"ueber-irene-ostermann","status":"publish","type":"page","link":"http:\/\/www.art-ostermann.at\/?page_id=46","title":{"rendered":"\u00dcber Irene"},"content":{"rendered":"\n<blockquote class=\"wp-block-quote is-layout-flow wp-block-quote-is-layout-flow\">\n<p class=\"has-vivid-red-color has-text-color has-link-color has-medium-font-size wp-elements-6d1a9312cfcdfca50128ee8273dbb110\">Meine Bilder sind spontaner Ausdruck von Gef\u00fchlen und Stimmungen. <\/p>\n\n\n\n<p class=\"has-vivid-red-color has-text-color has-link-color has-medium-font-size wp-elements-cfc0212418ac083644905fa8c69d6268\">Sie sind Reaktionen auf meine Innen\u2013 und Au\u00dfenwelt.<\/p>\n<\/blockquote>\n\n\n\n<figure class=\"wp-block-image size-large\"><img loading=\"lazy\" decoding=\"async\" width=\"1024\" height=\"418\" src=\"http:\/\/www.art-ostermann.at\/wp-content\/uploads\/2025\/01\/Irene3-1024x418.jpg\" alt=\"\" class=\"wp-image-209\" srcset=\"http:\/\/www.art-ostermann.at\/wp-content\/uploads\/2025\/01\/Irene3-1024x418.jpg 1024w, http:\/\/www.art-ostermann.at\/wp-content\/uploads\/2025\/01\/Irene3-300x123.jpg 300w, http:\/\/www.art-ostermann.at\/wp-content\/uploads\/2025\/01\/Irene3-768x314.jpg 768w, http:\/\/www.art-ostermann.at\/wp-content\/uploads\/2025\/01\/Irene3.jpg 1224w\" sizes=\"auto, (max-width: 1024px) 100vw, 1024px\" \/><figcaption class=\"wp-element-caption\">Irene Ostermann<\/figcaption><\/figure>\n\n\n\n<div class=\"wp-block-columns is-layout-flex wp-container-core-columns-is-layout-9d6595d7 wp-block-columns-is-layout-flex\">\n<div class=\"wp-block-column is-layout-flow wp-block-column-is-layout-flow\">\n<figure class=\"wp-block-image size-large\"><img loading=\"lazy\" decoding=\"async\" width=\"1024\" height=\"1024\" src=\"http:\/\/www.art-ostermann.at\/wp-content\/uploads\/2025\/01\/irene_pp-1024x1024.jpg\" alt=\"\" class=\"wp-image-312\" srcset=\"http:\/\/www.art-ostermann.at\/wp-content\/uploads\/2025\/01\/irene_pp-1024x1024.jpg 1024w, http:\/\/www.art-ostermann.at\/wp-content\/uploads\/2025\/01\/irene_pp-300x300.jpg 300w, http:\/\/www.art-ostermann.at\/wp-content\/uploads\/2025\/01\/irene_pp-150x150.jpg 150w, http:\/\/www.art-ostermann.at\/wp-content\/uploads\/2025\/01\/irene_pp-768x768.jpg 768w, http:\/\/www.art-ostermann.at\/wp-content\/uploads\/2025\/01\/irene_pp-36x36.jpg 36w, http:\/\/www.art-ostermann.at\/wp-content\/uploads\/2025\/01\/irene_pp-180x180.jpg 180w, http:\/\/www.art-ostermann.at\/wp-content\/uploads\/2025\/01\/irene_pp-705x705.jpg 705w, http:\/\/www.art-ostermann.at\/wp-content\/uploads\/2025\/01\/irene_pp.jpg 1181w\" sizes=\"auto, (max-width: 1024px) 100vw, 1024px\" \/><\/figure>\n<\/div>\n\n\n\n<div class=\"wp-block-column is-layout-flow wp-block-column-is-layout-flow\">\n<p>   <\/p>\n\n\n\n<p class=\"has-medium-font-size\"><br>Dazu brauche ich Techniken, die diese Spontaneit\u00e4t zulassen.<\/p>\n\n\n\n<p><br><br>     <\/p>\n\n\n\n<p class=\"has-medium-font-size\">Ich male mit Acryl auf Leinwand und Papier, mit gro\u00dfen Pinseln und oft auch mit den H\u00e4nden.<br>Seit einiger Zeit verwende ich Monotypie auf Leinwand.<\/p>\n<\/div>\n<\/div>\n\n\n\n<p class=\"has-medium-font-size\"><strong>Ausbildung:<\/strong><br>Malerei bei Maximilian Gebhartl und Prof. Mag. art August Svoboda<\/p>\n\n\n\n<p class=\"has-medium-font-size\">Plastisches Gestalten in Ton bei Mag. Franz Suess<\/p>\n\n\n\n<p class=\"has-medium-font-size\">Gestalten in Metall bei Karl-Heinz Sch\u00f6nswetter<\/p>\n","protected":false},"excerpt":{"rendered":"<p>Meine Bilder sind spontaner Ausdruck von Gef\u00fchlen und Stimmungen. Sie sind Reaktionen auf meine Innen\u2013 und Au\u00dfenwelt. Dazu brauche ich Techniken, die diese Spontaneit\u00e4t zulassen. Ich male mit Acryl auf Leinwand und Papier, mit gro\u00dfen Pinseln und oft auch mit den H\u00e4nden.Seit einiger Zeit verwende ich Monotypie auf Leinwand. Ausbildung:Malerei bei Maximilian Gebhartl und Prof. [&hellip;]<\/p>\n","protected":false},"author":1,"featured_media":0,"parent":0,"menu_order":0,"comment_status":"closed","ping_status":"closed","template":"","meta":{"footnotes":""},"class_list":["post-46","page","type-page","status-publish","hentry"],"_links":{"self":[{"href":"http:\/\/www.art-ostermann.at\/index.php?rest_route=\/wp\/v2\/pages\/46","targetHints":{"allow":["GET"]}}],"collection":[{"href":"http:\/\/www.art-ostermann.at\/index.php?rest_route=\/wp\/v2\/pages"}],"about":[{"href":"http:\/\/www.art-ostermann.at\/index.php?rest_route=\/wp\/v2\/types\/page"}],"author":[{"embeddable":true,"href":"http:\/\/www.art-ostermann.at\/index.php?rest_route=\/wp\/v2\/users\/1"}],"replies":[{"embeddable":true,"href":"http:\/\/www.art-ostermann.at\/index.php?rest_route=%2Fwp%2Fv2%2Fcomments&post=46"}],"version-history":[{"count":8,"href":"http:\/\/www.art-ostermann.at\/index.php?rest_route=\/wp\/v2\/pages\/46\/revisions"}],"predecessor-version":[{"id":332,"href":"http:\/\/www.art-ostermann.at\/index.php?rest_route=\/wp\/v2\/pages\/46\/revisions\/332"}],"wp:attachment":[{"href":"http:\/\/www.art-ostermann.at\/index.php?rest_route=%2Fwp%2Fv2%2Fmedia&parent=46"}],"curies":[{"name":"wp","href":"https:\/\/api.w.org\/{rel}","templated":true}]}}